{"id":3362,"date":"2021-05-01T14:26:17","date_gmt":"2021-05-01T12:26:17","guid":{"rendered":"http:\/\/freresdd.edu.lb\/wp\/?page_id=3362"},"modified":"2024-02-26T11:53:14","modified_gmt":"2024-02-26T09:53:14","slug":"homepage","status":"publish","type":"page","link":"http:\/\/freresdd.edu.lb\/wp\/","title":{"rendered":"Bienvenue au site officiel du coll\u00e8ge des Fr\u00e8res-Deddeh"},"content":{"rendered":"\n<div class=\"wp-block-cover alignwide is-light has-parallax\" style=\"min-height:90px\"><span aria-hidden=\"true\" class=\"wp-block-cover__background has-theme-palette-9-background-color has-background-dim-80 has-background-dim\"><\/span><div role=\"img\" class=\"wp-block-cover__image-background wp-image-3541 has-parallax lazyload\" style=\"background-position:50% 50%;background-image:inherit\" data-bg-image=\"url(http:\/\/freresdd.edu.lb\/wp\/wp-content\/uploads\/2021\/06\/ecole-new-2.png)\"><\/div><div class=\"wp-block-cover__inner-container is-layout-flow wp-block-cover-is-layout-flow\">\n<p class=\"has-text-align-center has-large-font-size\">Au service de la Jeunesse depuis 1886<\/p>\n<\/div><\/div>\n\n\n\n<p>Inscriptions pour la prochaine rentr\u00e9e, 2024- 2025<br>Pour plus d&#8217;informations, veuillez lire le document suivant. Un lien figure dans le document. Vous \u00eates invit\u00e9s \u00e0 y cliquer et \u00e0 remplir les renseignements&nbsp;demand\u00e9s.<\/p>\n\n\n\n<p><\/p>\n\n\n\n<div data-wp-interactive=\"\" class=\"wp-block-file\"><object data-wp-bind--hidden=\"!selectors.core.file.hasPdfPreview\" hidden class=\"wp-block-file__embed\" data=\"http:\/\/freresdd.edu.lb\/wp\/wp-content\/uploads\/2024\/02\/Inscription-2024-2025-final.pdf\" type=\"application\/pdf\" style=\"width:100%;height:600px\" aria-label=\"Embed of Inscription-2024-2025-final.\"><\/object><a id=\"wp-block-file--media-5de447aa-86f1-4353-b5eb-c0f0a390047b\" href=\"http:\/\/freresdd.edu.lb\/wp\/wp-content\/uploads\/2024\/02\/Inscription-2024-2025-final.pdf\">Inscription-2024-2025-final<\/a><a href=\"http:\/\/freresdd.edu.lb\/wp\/wp-content\/uploads\/2024\/02\/Inscription-2024-2025-final.pdf\" class=\"wp-block-file__button wp-element-button\" download aria-describedby=\"wp-block-file--media-5de447aa-86f1-4353-b5eb-c0f0a390047b\">Download<\/a><\/div>\n\n\n\n<ul><\/ul>\n","protected":false},"excerpt":{"rendered":"<p>Inscriptions pour la prochaine rentr\u00e9e, 2024- 2025Pour plus d&#8217;informations, veuillez lire le document suivant. Un lien figure dans le document. Vous \u00eates invit\u00e9s \u00e0 y cliquer et \u00e0 remplir les renseignements&nbsp;demand\u00e9s.<\/p>\n","protected":false},"author":3,"featured_media":0,"parent":0,"menu_order":0,"comment_status":"closed","ping_status":"closed","template":"","meta":{"_uag_custom_page_level_css":"","ub_ctt_via":"","_kad_post_transparent":"","_kad_post_title":"hide","_kad_post_layout":"normal","_kad_post_sidebar_id":"","_kad_post_content_style":"boxed","_kad_post_vertical_padding":"hide","_kad_post_feature":"hide","_kad_post_feature_position":"","_kad_post_header":false,"_kad_post_footer":false,"footnotes":""},"featured_image_src":null,"uagb_featured_image_src":{"full":false,"thumbnail":false,"medium":false,"medium_large":false,"large":false,"1536x1536":false,"2048x2048":false},"uagb_author_info":{"display_name":"charlo","author_link":"http:\/\/freresdd.edu.lb\/wp\/author\/charlo\/"},"uagb_comment_info":0,"uagb_excerpt":"Inscriptions pour la prochaine rentr\u00e9e, 2024- 2025Pour plus d&#8217;informations, veuillez lire le document suivant. Un lien figure dans le document. Vous \u00eates invit\u00e9s \u00e0 y cliquer et \u00e0 remplir les renseignements&nbsp;demand\u00e9s.","_links":{"self":[{"href":"http:\/\/freresdd.edu.lb\/wp\/wp-json\/wp\/v2\/pages\/3362"}],"collection":[{"href":"http:\/\/freresdd.edu.lb\/wp\/wp-json\/wp\/v2\/pages"}],"about":[{"href":"http:\/\/freresdd.edu.lb\/wp\/wp-json\/wp\/v2\/types\/page"}],"author":[{"embeddable":true,"href":"http:\/\/freresdd.edu.lb\/wp\/wp-json\/wp\/v2\/users\/3"}],"replies":[{"embeddable":true,"href":"http:\/\/freresdd.edu.lb\/wp\/wp-json\/wp\/v2\/comments?post=3362"}],"version-history":[{"count":14,"href":"http:\/\/freresdd.edu.lb\/wp\/wp-json\/wp\/v2\/pages\/3362\/revisions"}],"predecessor-version":[{"id":8030,"href":"http:\/\/freresdd.edu.lb\/wp\/wp-json\/wp\/v2\/pages\/3362\/revisions\/8030"}],"wp:attachment":[{"href":"http:\/\/freresdd.edu.lb\/wp\/wp-json\/wp\/v2\/media?parent=3362"}],"curies":[{"name":"wp","href":"https:\/\/api.w.org\/{rel}","templated":true}]}}